{"id":1857,"date":"2021-12-26T01:08:07","date_gmt":"2021-12-26T01:08:07","guid":{"rendered":"https:\/\/haircut.catarat.com\/?post_type=product&#038;p=1857"},"modified":"2021-12-26T01:37:34","modified_gmt":"2021-12-26T01:37:34","slug":"revlon-one-step-hair-dryer-and-volumizer-hot-air-brush-pink","status":"publish","type":"product","link":"https:\/\/haircut.catarat.com\/it\/prodotto\/revlon-one-step-hair-dryer-and-volumizer-hot-air-brush-pink\/","title":{"rendered":"<p>REVLON One-Step Asciugacapelli e Spazzola ad Aria Calda Volumizzante, Rosa<\/p>"},"content":{"rendered":"<div id=\"aplus_feature_div\" class=\"celwidget\" data-feature-name=\"aplus\" data-csa-c-id=\"nya4nt-iom2zb-2rz6ta-bv2ymf\" data-cel-widget=\"aplus_feature_div\">\n<div id=\"aplus\" class=\"a-section a-spacing-large bucket\">\n<hr class=\"bucketDivider\" noshade size=\"1\">\n<h2>Dal produttore<\/h2>\n<div class=\"aplus-v2 desktop celwidget\" data-csa-c-id=\"m5dw7o-trtrnf-wl6pul-hwnwp0\" data-cel-widget=\"aplus\">\n<div class=\"celwidget aplus-module module-11 aplus-standard\" data-csa-c-id=\"hhti51-ae6ogb-ty53j2-dtyg3k\" data-cel-widget=\"aplus-module-11\">\n<div class=\"a-expander-collapsed-height a-row a-expander-container a-expander-partial-collapse-container\" aria-live=\"polite\" data-a-expander-name=\"aplus-module-expander\" data-a-expander-collapsed-height=\"360\">\n<div class=\"a-expander-content a-expander-partial-collapse-content\" aria-expanded=\"false\">\n<div class=\"aplus-module-wrapper apm-spacing apm-floatnone apm-fixed-width\">\n<div class=\"apm-sidemodule aplus-module-content\">\n<div class=\"apm-hero-image\"><img decoding=\"async\" class=\"\" src=\"https:\/\/m.media-amazon.com\/images\/S\/aplus-media\/vc\/8921f170-4608-4df3-8cbd-e95fff18c8ae.__CR0,0,970,300_PT0_SX970_V1___.jpg\" alt=\"hair dryer; hair dryers; revlon one step; revlon one step &amp; volumizer; hot air brush; hot air brush\" data-src=\"https:\/\/m.media-amazon.com\/images\/S\/aplus-media\/vc\/8921f170-4608-4df3-8cbd-e95fff18c8ae.__CR0,0,970,300_PT0_SX970_V1___.jpg\"><\/div>\n<\/div>\n<\/div>\n<div><\/div>\n<\/div>\n<\/div>\n<\/div>\n<div class=\"celwidget aplus-module module-11 aplus-standard\" data-csa-c-id=\"wj8sps-3lufte-y6jrie-rpr6sn\" data-cel-widget=\"aplus-module-11\">\n<div class=\"a-expander-collapsed-height a-row a-expander-container a-expander-partial-collapse-container\" aria-live=\"polite\" data-a-expander-name=\"aplus-module-expander\" data-a-expander-collapsed-height=\"360\">\n<div class=\"a-expander-content a-expander-partial-collapse-content\" aria-expanded=\"false\">\n<div class=\"aplus-module-wrapper apm-spacing apm-floatnone apm-fixed-width\">\n<div class=\"apm-sidemodule aplus-module-content\">\n<div class=\"apm-hero-image\"><img decoding=\"async\" class=\"\" src=\"https:\/\/m.media-amazon.com\/images\/S\/aplus-media\/vc\/46cba69d-049f-48c8-8825-799ba4b7c6f0.__CR0,0,970,300_PT0_SX970_V1___.jpg\" alt=\"hair dryer; hair dryers; revlon one step; revlon one step &amp; volumizer; hot air brush; hot air brush\" data-src=\"https:\/\/m.media-amazon.com\/images\/S\/aplus-media\/vc\/46cba69d-049f-48c8-8825-799ba4b7c6f0.__CR0,0,970,300_PT0_SX970_V1___.jpg\"><\/div>\n<\/div>\n<\/div>\n<div><\/div>\n<\/div>\n<\/div>\n<\/div>\n<div class=\"celwidget aplus-module module-11 aplus-standard\" data-csa-c-id=\"asj4c-et5hv2-cqsfn7-mq68wi\" data-cel-widget=\"aplus-module-11\">\n<div class=\"a-expander-collapsed-height a-row a-expander-container a-expander-partial-collapse-container\" aria-live=\"polite\" data-a-expander-name=\"aplus-module-expander\" data-a-expander-collapsed-height=\"360\">\n<div class=\"a-expander-content a-expander-partial-collapse-content\" aria-expanded=\"false\">\n<div class=\"aplus-module-wrapper apm-spacing apm-floatnone apm-fixed-width\">\n<div class=\"apm-sidemodule aplus-module-content\">\n<div class=\"apm-hero-image\"><img decoding=\"async\" class=\"\" src=\"https:\/\/m.media-amazon.com\/images\/S\/aplus-media\/vc\/85bb8383-72ad-4373-976a-9338ddf9ee79.__CR0,0,970,300_PT0_SX970_V1___.jpg\" alt=\"hair dryer; hair dryers; revlon one step; revlon one step &amp; volumizer; hot air brush; hot air brush\" data-src=\"https:\/\/m.media-amazon.com\/images\/S\/aplus-media\/vc\/85bb8383-72ad-4373-976a-9338ddf9ee79.__CR0,0,970,300_PT0_SX970_V1___.jpg\"><\/div>\n<\/div>\n<\/div>\n<div><\/div>\n<\/div>\n<\/div>\n<\/div>\n<div class=\"celwidget aplus-module module-11 aplus-standard\" data-csa-c-id=\"ahbhyr-cmiv8z-mfgc3g-hb9hg9\" data-cel-widget=\"aplus-module-11\">\n<div class=\"a-expander-collapsed-height a-row a-expander-container a-expander-partial-collapse-container\" aria-live=\"polite\" data-a-expander-name=\"aplus-module-expander\" data-a-expander-collapsed-height=\"360\">\n<div class=\"a-expander-content a-expander-partial-collapse-content\" aria-expanded=\"false\">\n<div class=\"aplus-module-wrapper apm-spacing apm-floatnone apm-fixed-width\">\n<div class=\"apm-sidemodule aplus-module-content\">\n<div class=\"apm-hero-image\"><img decoding=\"async\" class=\"\" src=\"https:\/\/m.media-amazon.com\/images\/S\/aplus-media\/vc\/ca9dc47e-d474-4389-80fa-355471033976.__CR0,0,970,300_PT0_SX970_V1___.jpg\" alt=\"hair dryer; hair dryers; revlon one step; revlon one step &amp; volumizer; hot air brush; hot air brush\" data-src=\"https:\/\/m.media-amazon.com\/images\/S\/aplus-media\/vc\/ca9dc47e-d474-4389-80fa-355471033976.__CR0,0,970,300_PT0_SX970_V1___.jpg\"><\/div>\n<\/div>\n<\/div>\n<div><\/div>\n<\/div>\n<\/div>\n<\/div>\n<div class=\"celwidget aplus-module module-11 aplus-standard\" data-csa-c-id=\"whmiwo-mhzmc-kihwu7-qkjzfs\" data-cel-widget=\"aplus-module-11\">\n<div class=\"a-expander-collapsed-height a-row a-expander-container a-expander-partial-collapse-container\" aria-live=\"polite\" data-a-expander-name=\"aplus-module-expander\" data-a-expander-collapsed-height=\"360\">\n<div class=\"a-expander-content a-expander-partial-collapse-content\" aria-expanded=\"false\">\n<div class=\"aplus-module-wrapper apm-spacing apm-floatnone apm-fixed-width\">\n<div class=\"apm-sidemodule aplus-module-content\">\n<div class=\"apm-hero-image\"><img decoding=\"async\" class=\"\" src=\"https:\/\/m.media-amazon.com\/images\/S\/aplus-media\/vc\/37de503e-8591-47a9-9ab5-43777a02f8c4.__CR0,0,970,300_PT0_SX970_V1___.jpg\" alt=\"hair dryer; hair dryers; revlon one step; revlon one step &amp; volumizer; hot air brush; hot air brush\" data-src=\"https:\/\/m.media-amazon.com\/images\/S\/aplus-media\/vc\/37de503e-8591-47a9-9ab5-43777a02f8c4.__CR0,0,970,300_PT0_SX970_V1___.jpg\"><\/div>\n<\/div>\n<\/div>\n<div><\/div>\n<\/div>\n<\/div>\n<\/div>\n<\/div>\n<\/div>\n<div id=\"aplus3p_feature_div\" class=\"celwidget\" data-feature-name=\"aplus3p\" data-csa-c-id=\"mk26xa-trxh4w-chxa28-1n4gp3\" data-cel-widget=\"aplus3p_feature_div\"><\/div><div id=\"aplusSustainabilityStory_feature_div\" class=\"celwidget\" data-feature-name=\"aplusSustainabilityStory\" data-csa-c-id=\"nuwphh-7ir89j-rwk5nw-qdylvk\" data-cel-widget=\"aplusSustainabilityStory_feature_div\"><\/div><div id=\"legal_feature_div\" class=\"celwidget\" data-feature-name=\"legal\" data-csa-c-id=\"nwnj8k-crcjez-spwgcm-ywqkcw\" data-cel-widget=\"legal_feature_div\"><\/div><div id=\"productDescription_feature_div\" class=\"celwidget\" data-feature-name=\"productDescription\" data-csa-c-id=\"tqib50-tdsmbn-88vwhs-h1v4pe\" data-cel-widget=\"productDescription_feature_div\">\n<div>\n<div id=\"productDescription_feature_div\" class=\"a-row feature\" data-feature-name=\"productDescription\" data-template-name=\"productDescription\" data-cel-widget=\"productDescription_feature_div\">\n<div class=\"a-divider a-divider-section\">\n<div class=\"a-divider-inner\"><\/div>\n<\/div>\n<h2 class=\"default\">Descrizione del prodotto<\/h2>\n<div id=\"productDescription\" class=\"a-section a-spacing-small\">\n<div class=\"disclaim\">Colore: <strong>Rosa<\/strong><\/div>\n<p>L&#039;asciugacapelli e il volumizzatore Revlon One-Step sono progettati come spazzola ad aria calda per offrire un volume meraviglioso e una brillantezza brillante in un unico passaggio. L&#039;esclusivo design della spazzola ovale non staccabile leviga i capelli mentre i bordi arrotondati creano rapidamente volume alla radice per curve meravigliosamente corpose alle estremit\u00e0 in un&#039;unica passata. La spazzola \u00e8 progettata con perno in nylon e setole trapuntate per districare, migliorare il volume e il controllo. La flessibilit\u00e0 dello styling \u00e8 garantita con 3 impostazioni di calore\/velocit\u00e0 e un&#039;opzione Cool. Costruito per fornire la giusta quantit\u00e0 di calore. A differenza degli asciugacapelli convenzionali, questo volumizzatore pu\u00f2 essere posizionato pi\u00f9 vicino al cuoio capelluto per sollevarlo. Potenziato dalla tecnologia ionica attraverso un vero e proprio generatore di ioni integrato, i capelli si asciugano rapidamente e aiutano a ridurre i danni causati dal calore. L&#039;unit\u00e0 One Step \u00e8 progettata solo per prese USA da 120 V, si sconsiglia l&#039;uso di un adattatore o convertitore di tensione, in quanto danneggerebbe l&#039;unit\u00e0. La sicurezza prima! L&#039;asciugacapelli e il volumizzatore Revlon One-Step soddisfano i requisiti di sicurezza degli Stati Uniti e presentano con orgoglio il sigillo di certificazione ETL. Istruzioni: per risultati pi\u00f9 rapidi, asciugare i capelli con un asciugamano per rimuovere l&#039;acqua in eccesso. Separare i capelli in sezioni maneggevoli. Peso dell&#039;articolo: 1,8 libbre Nota: se hai bisogno di 220 V o per altre contee? controlla Amazon in quel paese per la tensione e la spina corrette.<\/p>\n<\/div>\n<\/div>\n<\/div>\n<\/div><div id=\"detailBulletsWithExceptions_feature_div\" class=\"celwidget\" data-feature-name=\"detailBulletsWithExceptions\" data-csa-c-id=\"y9100a-x0iylb-72mlgr-tbwykt\" data-cel-widget=\"detailBulletsWithExceptions_feature_div\">\n<div id=\"detailBulletsWrapper_feature_div\" class=\"a-section feature detail-bullets-wrapper bucket\" data-feature-name=\"detailBullets\" data-template-name=\"detailBullets\" data-cel-widget=\"detailBulletsWrapper_feature_div\">\n<hr class=\"a-divider-normal bucketDivider\" aria-hidden=\"true\">\n<h2>Dettagli del prodotto<\/h2>\n<div id=\"detailBullets_feature_div\">\n<ul class=\"a-unordered-list a-nostyle a-vertical a-spacing-none detail-bullet-list\">\n<li><span class=\"a-list-item\"><span class=\"a-text-bold\">Dimensioni del prodotto ? : ?&nbsp;<\/span>5,6 x 11,4 x 9,9 pollici; 1,7 libbre<\/span><\/li>\n<li><span class=\"a-list-item\"><span class=\"a-text-bold\">Numero di modello dell&#039;articolo? : ?&nbsp;<\/span>RVDR5222PNK<\/span><\/li>\n<li><span class=\"a-list-item\"><span class=\"a-text-bold\">UPC? : ?&nbsp;<\/span>761318522331<\/span><\/li>\n<li><span class=\"a-list-item\"><span class=\"a-text-bold\">Produttore? : ?&nbsp;<\/span>Elena di Troia<\/span><\/li>\n<li><span class=\"a-list-item\"><span class=\"a-text-bold\">COME IN ? : ?&nbsp;<\/span>B08GC5FB1N<\/span><\/li>\n<li><span class=\"a-list-item\"><span class=\"a-text-bold\">Paese d&#039;origine ? : ?&nbsp;<\/span>Cina<\/span><\/li>\n<li>\n<li><span class=\"a-list-item\"><span class=\"a-text-bold\">Spedizione domestica:&nbsp;<\/span>L&#039;articolo pu\u00f2 essere spedito negli Stati Uniti<\/span><\/li>\n<li><span class=\"a-list-item\"><span class=\"a-text-bold\">Spedizioni internazionali:&nbsp;<\/span>Questo articolo pu\u00f2 essere spedito in paesi selezionati al di fuori degli Stati Uniti<\/span><\/li>\n<\/ul>\n<\/div>\n<\/div>\n<\/div><\/div>","protected":false},"excerpt":{"rendered":"<div id=\"productOverview_feature_div\" class=\"celwidget\" data-feature-name=\"productOverview\" data-csa-c-id=\"izw0hx-d6zutp-w15ya6-802c1r\" data-cel-widget=\"productOverview_feature_div\">\n<div class=\"a-section a-spacing-small a-spacing-top-small\">\n<table class=\"a-normal a-spacing-micro\">\n<tbody>\n<tr class=\"a-spacing-small\">\n<td class=\"a-span3\"><span class=\"a-size-base a-text-bold\">Tipo di capelli<\/span><\/td>\n<td class=\"a-span9\"><span class=\"a-size-base\">Tutto<\/span><\/td>\n<\/tr>\n<tr class=\"a-spacing-small\">\n<td class=\"a-span3\"><span class=\"a-size-base a-text-bold\">Colore<\/span><\/td>\n<td class=\"a-span9\"><span class=\"a-size-base\">Rosa<\/span><\/td>\n<\/tr>\n<tr class=\"a-spacing-small\">\n<td class=\"a-span3\"><span class=\"a-size-base a-text-bold\">Marca<\/span><\/td>\n<td class=\"a-span9\"><span class=\"a-size-base\">REVLON<\/span><\/td>\n<\/tr>\n<tr class=\"a-spacing-small\">\n<td class=\"a-span3\"><span class=\"a-size-base a-text-bold\">Caratteristica speciale<\/span><\/td>\n<td class=\"a-span9\"><span class=\"a-size-base\">Non applicabile<\/span><\/td>\n<\/tr>\n<tr class=\"a-spacing-small\">\n<td class=\"a-span3\"><span class=\"a-size-base a-text-bold\">Materiale<\/span><\/td>\n<td class=\"a-span9\"><span class=\"a-size-base\">Nylon<\/span><\/td>\n<\/tr>\n<\/tbody>\n<\/table>\n<\/div>\n<div id=\"featurebullets_feature_div\" class=\"celwidget\" data-feature-name=\"featurebullets\" data-csa-c-id=\"ibubug-suvdkn-9n9zao-n6o5kk\" data-cel-widget=\"featurebullets_feature_div\">\n<div id=\"feature-bullets\" class=\"a-section a-spacing-medium a-spacing-top-small\">\n<hr>\n<h1 class=\"a-size-base-plus a-text-bold\">A proposito di questo articolo<\/h1>\n<ul class=\"a-unordered-list a-vertical a-spacing-mini\">\n<li><span class=\"a-list-item\">Acconcia, asciuga e volumizza i tuoi capelli in un solo passaggio, massima potenza di asciugatura con 30% Meno crespo e aiuta a ridurre i danni ai capelli<\/span><\/li>\n<li><span class=\"a-list-item\">Design unico della spazzola ovale non rimovibile per lisciare i capelli, mentre i bordi arrotondati creano volume. Progettato con perno in nylon e setole trapuntate per districare, migliorare il volume e il controllo<\/span><\/li>\n<li><span class=\"a-list-item\">3 impostazioni di calore\/velocit\u00e0 con opzione di raffreddamento per flessibilit\u00e0 di styling<\/span><\/li>\n<li><span class=\"a-list-item\">La sicurezza prima di tutto: l&#039;asciugacapelli e volumizzante REVLON One-Step soddisfa i requisiti di sicurezza degli Stati Uniti e dispone della certificazione ETL, l&#039;unit\u00e0 \u00e8 progettata solo per prese da 120 Volt USA. NON utilizzare un convertitore di tensione o un adattatore poich\u00e9 danneggerebbe l&#039;unit\u00e0<\/span><\/li>\n<li><span class=\"a-list-item\">1100 Watt di potenza \u2013 Si noti che la potenza di questo apparecchio pu\u00f2 variare a seconda del luogo di utilizzo<\/span><\/li>\n<li><span class=\"a-list-item\">Cura del volume: pulire regolarmente l&#039;ingresso dell&#039;aria, rimuovere i peli dalla spazzola dopo ogni utilizzo e non avvolgere il cavo intorno all&#039;unit\u00e0. Per mantenere le setole nelle migliori condizioni, lasciare raffreddare l&#039;unit\u00e0 prima di riporla<\/span><\/li>\n<\/ul>\n<\/div>\n<\/div><\/div>","protected":false},"featured_media":1861,"comment_status":"open","ping_status":"closed","template":"","meta":{"site-sidebar-layout":"default","site-content-layout":"default","ast-main-header-display":"","ast-hfb-above-header-display":"","ast-hfb-below-header-display":"","ast-hfb-mobile-header-display":"","site-post-title":"","ast-breadcrumbs-content":"","ast-featured-img":"","footer-sml-layout":"","theme-transparent-header-meta":"","adv-header-id-meta":"","stick-header-meta":"","header-above-stick-meta":"","header-main-stick-meta":"","header-below-stick-meta":""},"product_cat":[27,54],"product_tag":[59,58,60],"_links":{"self":[{"href":"https:\/\/haircut.catarat.com\/it\/wp-json\/wp\/v2\/product\/1857"}],"collection":[{"href":"https:\/\/haircut.catarat.com\/it\/wp-json\/wp\/v2\/product"}],"about":[{"href":"https:\/\/haircut.catarat.com\/it\/wp-json\/wp\/v2\/types\/product"}],"replies":[{"embeddable":true,"href":"https:\/\/haircut.catarat.com\/it\/wp-json\/wp\/v2\/comments?post=1857"}],"wp:featuredmedia":[{"embeddable":true,"href":"https:\/\/haircut.catarat.com\/it\/wp-json\/wp\/v2\/media\/1861"}],"wp:attachment":[{"href":"https:\/\/haircut.catarat.com\/it\/wp-json\/wp\/v2\/media?parent=1857"}],"wp:term":[{"taxonomy":"product_cat","embeddable":true,"href":"https:\/\/haircut.catarat.com\/it\/wp-json\/wp\/v2\/product_cat?post=1857"},{"taxonomy":"product_tag","embeddable":true,"href":"https:\/\/haircut.catarat.com\/it\/wp-json\/wp\/v2\/product_tag?post=1857"}],"curies":[{"name":"wp","href":"https:\/\/api.w.org\/{rel}","templated":true}]}}