{"id":1811,"date":"2021-12-25T23:11:42","date_gmt":"2021-12-25T23:11:42","guid":{"rendered":"https:\/\/haircut.catarat.com\/?post_type=product&#038;p=1811"},"modified":"2021-12-25T23:27:13","modified_gmt":"2021-12-25T23:27:13","slug":"hair-cutting-scissors-thinning-shears-fcysy-professional-barber-sharp-hair-scissors-hairdressing-shears-kit-with-haircut-accessories-in-leather-case-for-cutting-styling-hair-for-women-men-pet-7-pcs","status":"publish","type":"product","link":"https:\/\/haircut.catarat.com\/it\/prodotto\/hair-cutting-scissors-thinning-shears-fcysy-professional-barber-sharp-hair-scissors-hairdressing-shears-kit-with-haircut-accessories-in-leather-case-for-cutting-styling-hair-for-women-men-pet-7-pcs\/","title":{"rendered":"<p>Forbici per tagliare i capelli Forbici per sfoltire- Fcysy Professional Barber Forbici per capelli affilate Kit di forbici per parrucchieri con accessori per il taglio di capelli in custodia in pelle per tagliare i capelli per lo styling per donne Uomini Pet- 7 pezzi<\/p>"},"content":{"rendered":"<div id=\"aplus3p_feature_div\" class=\"celwidget\" data-feature-name=\"aplus3p\" data-csa-c-id=\"fbzzap-mtb75l-pciwe5-rmujor\" data-cel-widget=\"aplus3p_feature_div\">\n<div id=\"aplus\" class=\"a-section a-spacing-large bucket\">\n<h2><\/h2>\n<h2>Descrizione del prodotto<\/h2>\n<div class=\"aplus-v2 desktop celwidget\" data-csa-c-id=\"9ofo2m-m0s6kj-j7w4vh-s7dujl\" data-cel-widget=\"aplus\">\n<div class=\"celwidget aplus-module launchpad-company-logo aplus-standard\" data-csa-c-id=\"73aqhb-ij3ywv-g95d4z-xn13pa\" data-cel-widget=\"aplus-launchpad-company-logo\">\n<div class=\"a-section a-text-center launchpad-module launchpad-module-company-logo\"><img decoding=\"async\" class=\"\" src=\"https:\/\/m.media-amazon.com\/images\/S\/aplus-media\/sc\/054797c6-82da-4ae5-9fb4-50ddbe3e0032.__CR0,0,600,180_PT0_SX600_V1___.jpg\" alt=\"hair scissors\" data-src=\"https:\/\/m.media-amazon.com\/images\/S\/aplus-media\/sc\/054797c6-82da-4ae5-9fb4-50ddbe3e0032.__CR0,0,600,180_PT0_SX600_V1___.jpg\"><\/div>\n<\/div>\n<div class=\"celwidget aplus-module 3p-module-b aplus-standard\" data-csa-c-id=\"wkpnkh-pkeogw-msrguu-j9d9wj\" data-cel-widget=\"aplus-3p-module-b\">\n<div class=\"aplus-module-wrapper aplus-3p-fixed-width\">\n<p><img decoding=\"async\" class=\"a-spacing-base\" src=\"https:\/\/m.media-amazon.com\/images\/S\/aplus-media\/sc\/2b4a0d89-002f-4e27-83f5-44c68d7a45b4.__CR0,0,970,600_PT0_SX970_V1___.jpg\" alt=\"hair cutting scissors\" data-src=\"https:\/\/m.media-amazon.com\/images\/S\/aplus-media\/sc\/2b4a0d89-002f-4e27-83f5-44c68d7a45b4.__CR0,0,970,600_PT0_SX970_V1___.jpg\"><\/p>\n<p class=\"a-spacing-base\">Fcysy si \u00e8 concentrata principalmente sulla progettazione di prodotti per la cura personale per molti anni, abbiamo un team di progettazione molto professionale. L&#039;idea principale di progettare questo set di forbici per tagliare i capelli \u00e8 che vogliamo offrire alle persone un comodo strumento per tagliare i capelli all-in-one che possano tagliare i capelli ovunque e in qualsiasi momento. Le forbici per capelli Fcysy sono realizzate in acciaio inossidabile di grado medico di alta precisione e con vite regolabile e design ergonomico. Gli altri 5 accessori vengono forniti con le forbici per capelli per assicurarsi che tutti gli strumenti per tagliare i capelli di cui potresti aver bisogno nel processo di taglio dei capelli. Qui a Fcysy, siamo specializzati nella fornitura dei migliori strumenti professionali per la cura della persona. Sappiamo quanto sia importante disporre di strumenti di alta qualit\u00e0 che possano durare negli anni a venire. I nostri prodotti sono realizzati con materiali di altissima qualit\u00e0 per garantire che i nostri strumenti siano igienici da usare e da mantenere.<\/p>\n<\/div>\n<\/div>\n<div class=\"celwidget aplus-module module-1 aplus-standard\" data-csa-c-id=\"56i7ez-9zquc8-jjfug1-x4vmzv\" data-cel-widget=\"aplus-module-1\">\n<div class=\"a-expander-collapsed-height a-row a-expander-container a-expander-partial-collapse-container\" aria-live=\"polite\" data-a-expander-name=\"aplus-module-expander\" data-a-expander-collapsed-height=\"700\">\n<div class=\"a-expander-content a-expander-partial-collapse-content\" aria-expanded=\"false\">\n<div class=\"aplus-module-wrapper apm-fixed-width\">\n<div class=\"apm-spacing apm-wrap\">\n<div class=\"apm-floatleft apm-wrap\">\n<div class=\"apm-leftimage\"><img decoding=\"async\" class=\"a-spacing-mini\" src=\"https:\/\/m.media-amazon.com\/images\/S\/aplus-media\/sc\/8d49b129-852a-4d13-b191-3f281c899b5f.__CR0,0,300,400_PT0_SX300_V1___.jpg\" alt=\"thinning shears barber scissors\" data-src=\"https:\/\/m.media-amazon.com\/images\/S\/aplus-media\/sc\/8d49b129-852a-4d13-b191-3f281c899b5f.__CR0,0,300,400_PT0_SX300_V1___.jpg\"><\/div>\n<div class=\"apm-rightthirdcol\">\n<div class=\"apm-rightthirdcol-inner\">\n<p><img decoding=\"async\" class=\"a-spacing-mini\" src=\"https:\/\/m.media-amazon.com\/images\/S\/aplus-media\/sc\/301342c6-7e62-4202-a76a-689af1877e7c.__CR0,0,350,175_PT0_SX350_V1___.jpg\" alt=\"hair shears scissors hair cutting\" data-src=\"https:\/\/m.media-amazon.com\/images\/S\/aplus-media\/sc\/301342c6-7e62-4202-a76a-689af1877e7c.__CR0,0,350,175_PT0_SX350_V1___.jpg\"><\/p>\n<h5 class=\"a-color-secondary\">Cosa c&#039;\u00e8 nel pacchetto?<\/h5>\n<p class=\"a-spacing-small a-size-small a-color-secondary\">1 x forbice da taglio per capelli lisci<\/p>\n<p class=\"a-spacing-small a-size-small a-color-secondary\">1 x forbice per sfoltire i capelli<\/p>\n<p class=\"a-spacing-small a-size-small a-color-secondary\">1 x custodia in pelle premium<\/p>\n<p class=\"a-spacing-small a-size-small a-color-secondary\">1 x panno per la pulizia<\/p>\n<p class=\"a-spacing-small a-size-small a-color-secondary\">1 x pettine per rasoio per capelli<\/p>\n<p class=\"a-spacing-small a-size-small a-color-secondary\">1 x pettine per capelli<\/p>\n<p class=\"a-spacing-small a-size-small a-color-secondary\">2 x fermagli per capelli<\/p>\n<\/div>\n<\/div>\n<div class=\"apm-centerthirdcol apm-wrap\">\n<h3 class=\"a-spacing-mini\">Kit forbici per capelli Fcysy Professional<\/h3>\n<p class=\"a-spacing-base\">Le forbici per capelli professionali con design ergonomico dell&#039;impugnatura con poggiadito e inserti in gomma per le dita rendono le cesoie comode da usare che ti consentono di tagliare i capelli di una giornata senza sentire stress alle mani o alle spalle, le forbici hanno un silenziatore ad alta resilienza che riduce il attrito tra il manico e ridurre il carico sul pollice.<\/p>\n<div class=\"amp-centerthirdcol-listbox\">\n<div class=\"a-box a-spacing-small a-color-alternate-background apm-listbox amp-centerthirdcol-listbox\">\n<div class=\"a-box-inner\">\n<ul class=\"a-unordered-list a-vertical\">\n<li><span class=\"a-list-item\"><span class=\"a-size-base\">Questo kit di forbici per capelli include tutto il necessario per realizzare un taglio di capelli professionale o creare un perfetto look elegante, ti salver\u00e0 da costose rifiniture da salone facendo le tue rifiniture a casa.<\/span><\/span><\/li>\n<li><span class=\"a-list-item\"><span class=\"a-size-base\">Ampia applicazione: puoi dare a te stesso, alla tua famiglia e ai tuoi amici un taglio professionale a casa con queste forbici da parrucchiere e risparmiare tempo e denaro andando al salone.<\/span><\/span><\/li>\n<li><span class=\"a-list-item\"><span class=\"a-size-base\">Specifiche: forbici per capelli Materiale: acciaio inossidabile premium Dimensioni forbici per capelli: 6,7 pollici Dimensioni custodia in pelle: 21,5 x 9 cm\/ 8,5 pollici x 3,5 pollici<\/span><\/span><\/li>\n<\/ul>\n<\/div>\n<\/div>\n<\/div>\n<\/div>\n<\/div>\n<\/div>\n<\/div>\n<div><\/div>\n<\/div>\n<\/div>\n<\/div>\n<div class=\"celwidget aplus-module module-9 aplus-standard\" data-csa-c-id=\"n4l95-u2q098-f34xps-x65h7g\" data-cel-widget=\"aplus-module-9\">\n<div class=\"a-expander-collapsed-height a-row a-expander-container a-expander-partial-collapse-container\" aria-live=\"polite\" data-a-expander-name=\"aplus-module-expander\" data-a-expander-collapsed-height=\"700\">\n<div class=\"a-expander-content a-expander-partial-collapse-content\" aria-expanded=\"false\">\n<div class=\"aplus-module-wrapper apm-fixed-width\">\n<div class=\"apm-spacing apm-fixed-width\">\n<table class=\"apm-fixed-width apm-eventhirdcol-table\">\n<tbody>\n<tr>\n<th class=\"apm-center\">\n<div class=\"apm-eventhirdcol apm-floatleft\">\n<p><img decoding=\"async\" class=\"a-spacing-mini\" src=\"https:\/\/m.media-amazon.com\/images\/S\/aplus-media\/sc\/de3bb1ee-7654-469f-a4ab-985d1b8efca6.__CR0,0,300,300_PT0_SX300_V1___.jpg\" alt=\"shears hair professional haircut scissors\" data-src=\"https:\/\/m.media-amazon.com\/images\/S\/aplus-media\/sc\/de3bb1ee-7654-469f-a4ab-985d1b8efca6.__CR0,0,300,300_PT0_SX300_V1___.jpg\"><\/p>\n<\/div>\n<\/th>\n<th class=\"apm-center\">\n<div class=\"apm-eventhirdcol apm-floatleft\">\n<p><img decoding=\"async\" class=\"a-spacing-mini\" src=\"https:\/\/m.media-amazon.com\/images\/S\/aplus-media\/sc\/6302ae95-fe96-42c7-8ea3-cde391fc0411.__CR0,0,300,300_PT0_SX300_V1___.png\" alt=\"professional hair scissors hair thinning shears sharp scissors\" data-src=\"https:\/\/m.media-amazon.com\/images\/S\/aplus-media\/sc\/6302ae95-fe96-42c7-8ea3-cde391fc0411.__CR0,0,300,300_PT0_SX300_V1___.png\"><\/p>\n<\/div>\n<\/th>\n<th class=\"apm-center\">\n<div class=\"apm-eventhirdcol apm-floatleft\">\n<p><img decoding=\"async\" class=\"a-spacing-mini\" src=\"https:\/\/m.media-amazon.com\/images\/S\/aplus-media\/sc\/26d83f11-4f18-4d86-8c8c-587d43a1d384.__CR0,0,300,300_PT0_SX300_V1___.jpg\" alt=\"barber shears scissors of hairdressing professional hair cutting shears\" data-src=\"https:\/\/m.media-amazon.com\/images\/S\/aplus-media\/sc\/26d83f11-4f18-4d86-8c8c-587d43a1d384.__CR0,0,300,300_PT0_SX300_V1___.jpg\"><\/p>\n<\/div>\n<\/th>\n<\/tr>\n<tr>\n<td class=\"apm-top\">\n<div class=\"apm-eventhirdcol apm-floatleft\">\n<h4 class=\"a-spacing-mini\">Lama per forbici per capelli di alta qualit\u00e0<\/h4>\n<p>Realizzato in acciaio inossidabile di alta qualit\u00e0 con lame precise e taglienti affilati. Queste lame di qualit\u00e0 superiore non si bloccheranno mai e non si smusseranno, garantendo sempre un taglio perfetto. Le lame estremamente affilate per un taglio netto non danneggiano n\u00e9 eliminano i capelli divisi. Pu\u00f2 tagliare i peli 30% con la cesoia per sfoltire.<\/p>\n<\/div>\n<\/td>\n<td class=\"apm-top\">\n<div class=\"apm-eventhirdcol apm-floatleft\">\n<h4 class=\"a-spacing-mini\">Design sicuro e conveniente<\/h4>\n<p>Le forbici per capelli professionali Fcysy sono dotate di una vite di regolazione, puoi regolare facilmente questa forbice per il tuo desiderio di tensione e tenuta. Il design della parte superiore della lama rotonda rende il taglio dei capelli pi\u00f9 sicuro e facile.<\/p>\n<\/div>\n<\/td>\n<td class=\"apm-top\">\n<div class=\"apm-eventhirdcol apm-floatleft\">\n<h4 class=\"a-spacing-mini\">Design ergonomico<\/h4>\n<p>Gli anelli di gomma morbida sono dotati nelle forbici in grado di ridurre efficacemente l&#039;attrito, rendendo il taglio pi\u00f9 confortevole. Il design attutito pu\u00f2 ridurre il rumore e nel frattempo rendere le forbici pi\u00f9 resistenti.<\/p>\n<\/div>\n<\/td>\n<\/tr>\n<\/tbody>\n<\/table>\n<\/div>\n<\/div>\n<div><\/div>\n<\/div>\n<\/div>\n<\/div>\n<div class=\"celwidget aplus-module 3p-module-b aplus-standard\" data-csa-c-id=\"i8k5q9-3n1ks8-22p21j-uo76lx\" data-cel-widget=\"aplus-3p-module-b\">\n<div class=\"aplus-module-wrapper aplus-3p-fixed-width\">\n<p><img decoding=\"async\" class=\"a-spacing-base\" src=\"https:\/\/m.media-amazon.com\/images\/S\/aplus-media\/sc\/efa1a200-8d0f-4cfc-b8ee-e4b9e40a6a89.__CR0,0,970,600_PT0_SX970_V1___.jpg\" alt=\"scissors for cutting hair hair shears professional hair cutting scissors professional\" data-src=\"https:\/\/m.media-amazon.com\/images\/S\/aplus-media\/sc\/efa1a200-8d0f-4cfc-b8ee-e4b9e40a6a89.__CR0,0,970,600_PT0_SX970_V1___.jpg\"><\/p>\n<h3 class=\"a-spacing-mini\">Nota:<\/h3>\n<p class=\"a-spacing-base\">Le forbici affilate devono essere maneggiate con cura, tenere lontano dalla portata dei bambini.<\/p>\n<\/div>\n<\/div>\n<\/div>\n<\/div>\n<div id=\"aplusSustainabilityStory_feature_div\" class=\"celwidget\" data-feature-name=\"aplusSustainabilityStory\" data-csa-c-id=\"z455eo-mjmgtq-stlok1-hhzb4j\" data-cel-widget=\"aplusSustainabilityStory_feature_div\"><\/div><div id=\"legal_feature_div\" class=\"celwidget\" data-feature-name=\"legal\" data-csa-c-id=\"dgwx0u-chn0p1-tv91wt-41778v\" data-cel-widget=\"legal_feature_div\"><\/div><div id=\"productDescription_feature_div\" class=\"celwidget\" data-feature-name=\"productDescription\" data-csa-c-id=\"fwlnpk-kb70g3-xsbh8y-y65zzd\" data-cel-widget=\"productDescription_feature_div\">\n<div><\/div>\n<\/div><div id=\"detailBulletsWithExceptions_feature_div\" class=\"celwidget\" data-feature-name=\"detailBulletsWithExceptions\" data-csa-c-id=\"xutc7j-x3s7am-f9chh3-iizj7c\" data-cel-widget=\"detailBulletsWithExceptions_feature_div\">\n<div id=\"detailBulletsWrapper_feature_div\" class=\"a-section feature detail-bullets-wrapper bucket\" data-feature-name=\"detailBullets\" data-template-name=\"detailBullets\" data-cel-widget=\"detailBulletsWrapper_feature_div\">\n<hr class=\"a-divider-normal bucketDivider\" aria-hidden=\"true\">\n<h2>Dettagli del prodotto<\/h2>\n<div id=\"detailBullets_feature_div\">\n<ul class=\"a-unordered-list a-nostyle a-vertical a-spacing-none detail-bullet-list\">\n<li><span class=\"a-list-item\"><span class=\"a-text-bold\">Dimensioni della confezione? : ?&nbsp;<\/span>8,62 x 4,17 x 1,06 pollici; 8,08 once<\/span><\/li>\n<li><span class=\"a-list-item\"><span class=\"a-text-bold\">UPC? : ?&nbsp;<\/span>750153998890<\/span><\/li>\n<li><span class=\"a-list-item\"><span class=\"a-text-bold\">Produttore? : ?&nbsp;<\/span>Fcysy<\/span><\/li>\n<li><span class=\"a-list-item\"><span class=\"a-text-bold\">COME IN ? : ?&nbsp;<\/span>B08NCNJCSP<\/span><\/li>\n<\/ul>\n<\/div>\n<ul class=\"a-unordered-list a-nostyle a-vertical a-spacing-none detail-bullet-list\">\n<li><span class=\"a-list-item\"><span class=\"a-text-bold\">Classifica pi\u00f9 venduti:&nbsp;<\/span>#7.952 in Bellezza e cura della persona<\/span><\/li>\n<\/ul>\n<\/div>\n<\/div><\/div>","protected":false},"excerpt":{"rendered":"<div id=\"productOverview_feature_div\" class=\"celwidget\" data-feature-name=\"productOverview\" data-csa-c-id=\"8k8qib-4bdj1y-gqpro9-4wpy9p\" data-cel-widget=\"productOverview_feature_div\">\n<div class=\"a-section a-spacing-small a-spacing-top-small\">\n<table class=\"a-normal a-spacing-micro\">\n<tbody>\n<tr class=\"a-spacing-small\">\n<td class=\"a-span3\"><span class=\"a-size-base a-text-bold\">Colore<\/span><\/td>\n<td class=\"a-span9\"><span class=\"a-size-base\">ciliegia<\/span><\/td>\n<\/tr>\n<tr class=\"a-spacing-small\">\n<td class=\"a-span3\"><span class=\"a-size-base a-text-bold\">Materiale<\/span><\/td>\n<td class=\"a-span9\"><span class=\"a-size-base\">Acciaio inossidabile, pelle<\/span><\/td>\n<\/tr>\n<tr class=\"a-spacing-small\">\n<td class=\"a-span3\"><span class=\"a-size-base a-text-bold\">Marca<\/span><\/td>\n<td class=\"a-span9\"><span class=\"a-size-base\">Fcysy<\/span><\/td>\n<\/tr>\n<tr class=\"a-spacing-small\">\n<td class=\"a-span3\"><span class=\"a-size-base a-text-bold\">Materiale lama<\/span><\/td>\n<td class=\"a-span9\"><span class=\"a-size-base\">Acciaio inossidabile<\/span><\/td>\n<\/tr>\n<tr class=\"a-spacing-small\">\n<td class=\"a-span3\"><span class=\"a-size-base a-text-bold\">Stile<\/span><\/td>\n<td class=\"a-span9\"><span class=\"a-size-base\">giapponese<\/span><\/td>\n<\/tr>\n<\/tbody>\n<\/table>\n<\/div>\n<div id=\"featurebullets_feature_div\" class=\"celwidget\" data-feature-name=\"featurebullets\" data-csa-c-id=\"vdrqrr-lebnmj-xfwarc-scxniw\" data-cel-widget=\"featurebullets_feature_div\">\n<div id=\"feature-bullets\" class=\"a-section a-spacing-medium a-spacing-top-small\">\n<hr>\n<h1 class=\"a-size-base-plus a-text-bold\">A proposito di questo articolo<\/h1>\n<ul class=\"a-unordered-list a-vertical a-spacing-mini\">\n<li><span class=\"a-list-item\">??Kit per il taglio dei capelli tutto in uno? 1 forbice per capelli, 1 cesoia per sfoltire, 1 pettine per rasoio per capelli, 1 panno per la pulizia, 1 pettine, 2 forcine per capelli, 1 borsa in pelle. Il kit per il taglio dei capelli soddisfa tutte le tue esigenze di taglio e styling dei capelli.<\/span><\/li>\n<li><span class=\"a-list-item\">Acciaio inossidabile di alta qualit\u00e0: le forbici per capelli Fcysy sono realizzate in acciaio inossidabile giapponese di alta qualit\u00e0. Che \u00e8 resistente al calore, resistente alla corrosione, resistente alla ruggine, resistente al colore. La forbice per tagliare i capelli \u00e8 temperata con lame precise e taglienti affilati a mano per tagliare uniformemente i capelli con facilit\u00e0.<\/span><\/li>\n<li><span class=\"a-list-item\">??Design ergonomico? Le cesoie per capelli professionali Fcysy sono dotate di una vite di regolazione, puoi regolare senza sforzo questa forbice in base al tuo desiderio di tensione e tenuta. Il suo caratteristico design dell&#039;impugnatura facile da impugnare consente alla forbice di cullare le dita, offrendo ogni volta un taglio di capelli sicuro!<\/span><\/li>\n<li><span class=\"a-list-item\">??Forbici per capelli professionali?Con una lunghezza di 6 pollici e un design superiore a lama liscia e sicura, la forbice per capelli Fcysy \u00e8 sicura e facile da usare su uomini, donne, anziani, bambini e neonati! Con un&#039;elegante struttura in acciaio inossidabile, la nostra forbice riduce l&#039;ingombro dei capelli disordinati poich\u00e9 nessun capello rimane intrappolato tra le sue lame diradanti, a differenza di altre forbici per sfoltire i capelli sul mercato.<\/span><\/li>\n<li><span class=\"a-list-item\">??Servizio clienti Easy-Touch?Tutti i nostri prodotti vengono consegnati da Amazon, questo significa che puoi ricevere il tuo ordine nel pi\u00f9 breve tempo possibile. Servizi easy-touch, qualsiasi problema, non esitate a contattarci. Saremo sempre qui per aiutarti a risolvere il problema il prima possibile.<\/span><\/li>\n<\/ul>\n<\/div>\n<\/div><\/div>","protected":false},"featured_media":1812,"comment_status":"open","ping_status":"closed","template":"","meta":{"site-sidebar-layout":"default","site-content-layout":"default","ast-main-header-display":"","ast-hfb-above-header-display":"","ast-hfb-below-header-display":"","ast-hfb-mobile-header-display":"","site-post-title":"","ast-breadcrumbs-content":"","ast-featured-img":"","footer-sml-layout":"","theme-transparent-header-meta":"","adv-header-id-meta":"","stick-header-meta":"","header-above-stick-meta":"","header-main-stick-meta":"","header-below-stick-meta":""},"product_cat":[27,54],"product_tag":[56,55],"_links":{"self":[{"href":"https:\/\/haircut.catarat.com\/it\/wp-json\/wp\/v2\/product\/1811"}],"collection":[{"href":"https:\/\/haircut.catarat.com\/it\/wp-json\/wp\/v2\/product"}],"about":[{"href":"https:\/\/haircut.catarat.com\/it\/wp-json\/wp\/v2\/types\/product"}],"replies":[{"embeddable":true,"href":"https:\/\/haircut.catarat.com\/it\/wp-json\/wp\/v2\/comments?post=1811"}],"wp:featuredmedia":[{"embeddable":true,"href":"https:\/\/haircut.catarat.com\/it\/wp-json\/wp\/v2\/media\/1812"}],"wp:attachment":[{"href":"https:\/\/haircut.catarat.com\/it\/wp-json\/wp\/v2\/media?parent=1811"}],"wp:term":[{"taxonomy":"product_cat","embeddable":true,"href":"https:\/\/haircut.catarat.com\/it\/wp-json\/wp\/v2\/product_cat?post=1811"},{"taxonomy":"product_tag","embeddable":true,"href":"https:\/\/haircut.catarat.com\/it\/wp-json\/wp\/v2\/product_tag?post=1811"}],"curies":[{"name":"wp","href":"https:\/\/api.w.org\/{rel}","templated":true}]}}