{"id":1764,"date":"2021-12-25T16:23:04","date_gmt":"2021-12-25T16:23:04","guid":{"rendered":"https:\/\/haircut.catarat.com\/?post_type=product&#038;p=1764"},"modified":"2021-12-25T22:34:05","modified_gmt":"2021-12-25T22:34:05","slug":"hua-mian-li-long-wavy-wig-with-air-bangs-silky-full-heat-resistant-synthetic-wig-for-women-natural-looking-machine-made-grey-pink-26-inch-hair-replacement-wig-for-party-cosplay-body-wavy-pink","status":"publish","type":"product","link":"https:\/\/haircut.catarat.com\/it\/prodotto\/hua-mian-li-long-wavy-wig-with-air-bangs-silky-full-heat-resistant-synthetic-wig-for-women-natural-looking-machine-made-grey-pink-26-inch-hair-replacement-wig-for-party-cosplay-body-wavy-pink\/","title":{"rendered":"<p>HUA MIAN LI Parrucca ondulata lunga con frangia d&#039;aria Parrucca sintetica resistente al calore completa per le donne \u2013 Parrucca di ricambio per capelli da 26 pollici realizzata a macchina dall&#039;aspetto naturale (rosa)<\/p>"},"content":{"rendered":"<h2>Descrizione del prodotto<div class=\"aplus-v2 desktop celwidget\" data-cel-widget=\"aplus\" data-csa-c-id=\"7qkaf4-ikb12r-xclhvh-5l45us\">\n<div class=\"celwidget aplus-module launchpad-company-logo aplus-standard\" data-cel-widget=\"aplus-launchpad-company-logo\" data-csa-c-id=\"e4rebl-wc1snv-gaw2kb-r3u3rz\">\n<div class=\"a-section a-text-center launchpad-module launchpad-module-company-logo\"><img decoding=\"async\" class=\"\" src=\"https:\/\/m.media-amazon.com\/images\/S\/aplus-seller-content-images-us-east-1\/ATVPDKIKX0DER\/A25KQ7CPRYHPDH\/caa074c1-c78f-4506-b476-81918ce5e90e._CR0,0,600,180_PT0_SX600__.jpg\" alt=\"Synthetic Wig\" data-src=\"https:\/\/m.media-amazon.com\/images\/S\/aplus-seller-content-images-us-east-1\/ATVPDKIKX0DER\/A25KQ7CPRYHPDH\/caa074c1-c78f-4506-b476-81918ce5e90e._CR0,0,600,180_PT0_SX600__.jpg\"><\/div>\n<\/div>\n<div class=\"celwidget aplus-module launchpad-brand-description-left aplus-standard\" data-cel-widget=\"aplus-launchpad-brand-description-left\" data-csa-c-id=\"iev6bz-7qtuvl-2eoyw2-1ms9n6\">\n<div class=\"a-section launchpad-module launchpad-module-brand-description-left\">\n<div class=\"a-section launchpad-text-left-justify\">\n<p>&nbsp;<\/p>\n<ul class=\"a-unordered-list a-vertical\">\n<li><span class=\"a-list-item\">Stai cercando una parrucca per migliorare il tuo look ed esplorare nuove acconciature? offriamo la parrucca di buona qualit\u00e0, puoi sempre trovare le parrucche perfette qui!<\/span><\/li>\n<\/ul>\n<p>&nbsp;<\/p>\n<\/div>\n<\/div>\n<\/div>\n<div class=\"celwidget aplus-module 3p-module-b aplus-standard\" data-cel-widget=\"aplus-3p-module-b\" data-csa-c-id=\"8escva-47s3ze-w47j98-7dbefi\">\n<div class=\"aplus-module-wrapper aplus-3p-fixed-width\">\n<p><img decoding=\"async\" class=\"a-spacing-base\" src=\"https:\/\/m.media-amazon.com\/images\/S\/aplus-seller-content-images-us-east-1\/ATVPDKIKX0DER\/A25KQ7CPRYHPDH\/9873d75a-c926-4c77-a6de-c5199594644c._CR0,0,970,600_PT0_SX970__.jpg\" alt=\"wig with bangs\" data-src=\"https:\/\/m.media-amazon.com\/images\/S\/aplus-seller-content-images-us-east-1\/ATVPDKIKX0DER\/A25KQ7CPRYHPDH\/9873d75a-c926-4c77-a6de-c5199594644c._CR0,0,970,600_PT0_SX970__.jpg\"><\/p>\n<h3 class=\"a-spacing-mini\">HUA MIAN LI Parrucca sintetica ondulata a corpo lungo color moda<\/h3>\n<ul class=\"a-unordered-list a-vertical\">\n<li><span class=\"a-list-item\">Ogni accessorio di moda ha il suo posto speciale nella tua vita, mentre alcuni sono semplici aggiunte al tuo stile, altri hanno un impatto molto pi\u00f9 profondo sulla tua prospettiva.<\/span><\/li>\n<li><span class=\"a-list-item\">Una di queste cose sono le parrucche poich\u00e9 l&#039;acconciatura \u00e8 la parte pi\u00f9 importante della prospettiva di qualsiasi persona e pu\u00f2 davvero aggiungere bellezza e moda alla tua vita.<\/span><\/li>\n<li><span class=\"a-list-item\">La nostra parrucca da donna \u00e8 di qualit\u00e0 superiore, puoi facilmente acconciare e sperimentare diverse acconciature e look senza preoccuparti di eventuali danni!<\/span><\/li>\n<\/ul>\n<p>&nbsp;<\/p>\n<\/div>\n<\/div>\n<div class=\"celwidget aplus-module module-11 aplus-standard\" data-cel-widget=\"aplus-module-11\" data-csa-c-id=\"km3txh-hlbqcg-ciw8tr-p22rnz\">\n<div class=\"a-expander-collapsed-height a-row a-expander-container a-expander-partial-collapse-container\" aria-live=\"polite\" data-a-expander-name=\"aplus-module-expander\" data-a-expander-collapsed-height=\"360\">\n<div class=\"a-expander-content a-expander-partial-collapse-content\" aria-expanded=\"false\">\n<div class=\"aplus-module-wrapper apm-spacing apm-floatnone apm-fixed-width\">\n<div class=\"apm-sidemodule aplus-module-content\">\n<div class=\"apm-hero-image\"><img decoding=\"async\" class=\"\" src=\"https:\/\/m.media-amazon.com\/images\/S\/aplus-seller-content-images-us-east-1\/ATVPDKIKX0DER\/A25KQ7CPRYHPDH\/b9662a36-7107-499b-acf2-58ed988035eb._CR0,0,970,300_PT0_SX970__.jpg\" alt=\"long wavy wig\" data-src=\"https:\/\/m.media-amazon.com\/images\/S\/aplus-seller-content-images-us-east-1\/ATVPDKIKX0DER\/A25KQ7CPRYHPDH\/b9662a36-7107-499b-acf2-58ed988035eb._CR0,0,970,300_PT0_SX970__.jpg\"><\/div>\n<div class=\"apm-heromodule-textright apm-hero-text\">\n<h3>DETTAGLI DEL PRODOTTO<\/h3>\n<p>&nbsp;<\/p>\n<ul class=\"a-unordered-list a-vertical\">\n<li><span class=\"a-list-item\"><span class=\"a-text-bold\">Misurare:<\/span>&nbsp;26 pollici&nbsp;<span class=\"a-text-bold\">Colore:<\/span>Rosa<\/span><\/li>\n<li><span class=\"a-list-item\"><span class=\"a-text-bold\">Stile:<\/span>Parrucca ondulata a corpo lungo<\/span><\/li>\n<li><span class=\"a-list-item\"><span class=\"a-text-bold\">Struttura:<\/span>Aspetto naturale e tocco morbido<\/span><\/li>\n<li><span class=\"a-list-item\"><span class=\"a-text-bold\">Responsabile Intranet<\/span>: Rose Net, Traspirabilit\u00e0, Sterile<\/span><\/li>\n<\/ul>\n<p>&nbsp;<\/p>\n<\/div>\n<\/div>\n<\/div>\n<div><\/div>\n<\/div>\n<\/div>\n<\/div>\n<div class=\"celwidget aplus-module module-7 aplus-standard\" data-cel-widget=\"aplus-module-7\" data-csa-c-id=\"448j5h-clnbo-hcyisf-dbben3\">\n<div class=\"a-expander-collapsed-height a-row a-expander-container a-expander-partial-collapse-container\" aria-live=\"polite\" data-a-expander-name=\"aplus-module-expander\" data-a-expander-collapsed-height=\"700\">\n<div class=\"a-expander-content a-expander-partial-collapse-content\" aria-expanded=\"false\">\n<div class=\"aplus-module-wrapper apm-fixed-width\">\n<div class=\"apm-spacing apm-wrap\">\n<div class=\"apm-floatleft apm-wrap\">\n<div class=\"apm-leftimage\"><img decoding=\"async\" class=\"a-spacing-mini\" src=\"https:\/\/m.media-amazon.com\/images\/S\/aplus-seller-content-images-us-east-1\/ATVPDKIKX0DER\/A25KQ7CPRYHPDH\/ae4494f1-103c-4c29-bdfe-1434f27e8051._CR0,0,500,500_PT0_SX300__.jpg\" alt=\"long wig\" data-src=\"https:\/\/m.media-amazon.com\/images\/S\/aplus-seller-content-images-us-east-1\/ATVPDKIKX0DER\/A25KQ7CPRYHPDH\/ae4494f1-103c-4c29-bdfe-1434f27e8051._CR0,0,500,500_PT0_SX300__.jpg\"><\/div>\n<div class=\"apm-rightthirdcol\">\n<div class=\"apm-rightthirdcol-inner\">\n<h5>Passaggi per indossare la parrucca<\/h5>\n<ul class=\"a-unordered-list a-vertical\">\n<li><span class=\"a-list-item\">Lega i tuoi capelli per essere una crocchia<\/span><\/li>\n<li><span class=\"a-list-item\">Allunga il berretto della parrucca sulla tua testa<\/span><\/li>\n<li><span class=\"a-list-item\">Spingi tutti i tuoi capelli nel berretto<\/span><\/li>\n<li><span class=\"a-list-item\">Lega il berretto<\/span><\/li>\n<li><span class=\"a-list-item\">Metti la parrucca in testa e tira le cinghie regolabili per sistemare la testa<\/span><\/li>\n<\/ul>\n<p>&nbsp;<\/p>\n<\/div>\n<\/div>\n<div class=\"apm-centerthirdcol\">\n<h4 class=\"a-spacing-mini\">CONSIGLI<\/h4>\n<h5 class=\"a-spacing-mini\">COME PULIRE LE PARRUCCHE<\/h5>\n<ul class=\"a-unordered-list a-vertical\">\n<li><span class=\"a-list-item\">Pettinare prima i capelli con la spazzola metallica o un pettine con spillo metallico<\/span><\/li>\n<li><span class=\"a-list-item\">Lavare e curare con un po&#039; di shampoo delicato in acqua tiepida<\/span><\/li>\n<li><span class=\"a-list-item\">Asciugare delicatamente con un asciugamano l&#039;umidit\u00e0 dei capelli<\/span><\/li>\n<li><span class=\"a-list-item\">Spazzola i capelli dopo che sono completamente asciutti e mettili sul supporto per parrucca per riporli<\/span><\/li>\n<\/ul>\n<p>&nbsp;<\/p>\n<h5>Come evitare grovigli e spargimento:<\/h5>\n<ul class=\"a-unordered-list a-vertical\">\n<li><span class=\"a-list-item\">Usa lo shampoo delicato e il balsamo adeguati<\/span><\/li>\n<li><span class=\"a-list-item\">Non dormire con la parrucca indossata<\/span><\/li>\n<li><span class=\"a-list-item\">Non lavare la parrucca frequentemente, lavala circa ogni tre settimane o 2 settimane in estate<\/span><\/li>\n<li><span class=\"a-list-item\">Non asciugare i capelli con un&#039;impostazione alta poich\u00e9 altrimenti i nodi potrebbero danneggiarsi o spezzarsi, basta lasciarli asciugare all&#039;aria o a bassa temperatura<\/span><\/li>\n<\/ul>\n<p>&nbsp;<\/p>\n<\/div>\n<\/div>\n<\/div>\n<\/div>\n<div><\/div>\n<\/div>\n<\/div>\n<\/div>\n<div class=\"celwidget aplus-module module-4 aplus-standard\" data-cel-widget=\"aplus-module-4\" data-csa-c-id=\"emsq7q-3s7hec-20qcn0-gv7xqt\">\n<div class=\"a-expander-collapsed-height a-row a-expander-container a-expander-partial-collapse-container\" aria-live=\"polite\" data-a-expander-name=\"aplus-module-expander\" data-a-expander-collapsed-height=\"700\">\n<div class=\"a-expander-content a-expander-partial-collapse-content\" aria-expanded=\"false\">\n<div class=\"aplus-module-wrapper apm-fixed-width\">\n<div class=\"apm-spacing\">\n<div class=\"apm-floatleft apm-fixed-width\">\n<div class=\"apm-spacing\">\n<table class=\"apm-fixed-width apm-fourthcol-table\">\n<tbody>\n<tr>\n<th class=\"apm-center\">\n<div class=\"apm-fourthcol\">\n<p><img decoding=\"async\" class=\"\" src=\"https:\/\/m.media-amazon.com\/images\/S\/aplus-seller-content-images-us-east-1\/ATVPDKIKX0DER\/A25KQ7CPRYHPDH\/cad91b62-9be8-410e-899f-fcb64e0b2012._CR0,0,220,220_PT0_SX220__.jpg\" alt=\"heat resistant fiber\" data-src=\"https:\/\/m.media-amazon.com\/images\/S\/aplus-seller-content-images-us-east-1\/ATVPDKIKX0DER\/A25KQ7CPRYHPDH\/cad91b62-9be8-410e-899f-fcb64e0b2012._CR0,0,220,220_PT0_SX220__.jpg\"><\/p>\n<\/div>\n<\/th>\n<th class=\"apm-center\">\n<div class=\"apm-fourthcol\">\n<p><img decoding=\"async\" class=\"\" src=\"https:\/\/m.media-amazon.com\/images\/S\/aplus-seller-content-images-us-east-1\/ATVPDKIKX0DER\/A25KQ7CPRYHPDH\/899a4963-971d-4299-ab31-b1772e8cc1d5._CR0,0,220,220_PT0_SX220__.jpg\" alt=\"26 inch wig\" data-src=\"https:\/\/m.media-amazon.com\/images\/S\/aplus-seller-content-images-us-east-1\/ATVPDKIKX0DER\/A25KQ7CPRYHPDH\/899a4963-971d-4299-ab31-b1772e8cc1d5._CR0,0,220,220_PT0_SX220__.jpg\"><\/p>\n<\/div>\n<\/th>\n<th class=\"apm-center\">\n<div class=\"apm-fourthcol\">\n<p><img decoding=\"async\" class=\"\" src=\"https:\/\/m.media-amazon.com\/images\/S\/aplus-seller-content-images-us-east-1\/ATVPDKIKX0DER\/A25KQ7CPRYHPDH\/6f6d40c6-3e3b-4e00-ad25-446b61b7f9d0._CR0,0,220,220_PT0_SX220__.jpg\" alt=\"cosplay wig\" data-src=\"https:\/\/m.media-amazon.com\/images\/S\/aplus-seller-content-images-us-east-1\/ATVPDKIKX0DER\/A25KQ7CPRYHPDH\/6f6d40c6-3e3b-4e00-ad25-446b61b7f9d0._CR0,0,220,220_PT0_SX220__.jpg\"><\/p>\n<\/div>\n<\/th>\n<th class=\"apm-center\">\n<div class=\"apm-fourthcol\">\n<p><img decoding=\"async\" class=\"\" src=\"https:\/\/m.media-amazon.com\/images\/S\/aplus-seller-content-images-us-east-1\/ATVPDKIKX0DER\/A25KQ7CPRYHPDH\/6bd1e59f-cc9b-4660-a98f-c4f0bd79023c._CR0,0,300,300_PT0_SX220__.jpg\" alt=\"wigs for women\" data-src=\"https:\/\/m.media-amazon.com\/images\/S\/aplus-seller-content-images-us-east-1\/ATVPDKIKX0DER\/A25KQ7CPRYHPDH\/6bd1e59f-cc9b-4660-a98f-c4f0bd79023c._CR0,0,300,300_PT0_SX220__.jpg\"><\/p>\n<\/div>\n<\/th>\n<\/tr>\n<tr>\n<td class=\"apm-top\">\n<div class=\"apm-fourthcol\">\n<h4 class=\"a-spacing-mini\">Perfetto servizio post-vendita<\/h4>\n<ul class=\"a-unordered-list a-vertical\">\n<li><span class=\"a-list-item\">Abbiamo una ricca esperienza nel servizio post-vendita e possiamo risolvere i problemi di ogni cliente in modo rapido e dolce!<\/span><\/li>\n<\/ul>\n<p>&nbsp;<\/p>\n<\/div>\n<\/td>\n<td class=\"apm-top\">\n<div class=\"apm-fourthcol\">\n<h4 class=\"a-spacing-mini\">Il pacchetto include<\/h4>\n<ul class=\"a-unordered-list a-vertical\">\n<li><span class=\"a-list-item\">1 * parrucca ondulata lunga colore moda, 1 * cappuccio parrucca gratuito, (consiglio caldo: leggera differenza di colore tra diversi monitor).<\/span><\/li>\n<li><span class=\"a-list-item\">Promemoria: le parrucche non possono essere restituite se la parrucca \u00e8 stata tagliata!<\/span><\/li>\n<\/ul>\n<p>&nbsp;<\/p>\n<\/div>\n<\/td>\n<td class=\"apm-top\">\n<div class=\"apm-fourthcol\">\n<h4 class=\"a-spacing-mini\">Parrucca da meraviglia per ogni occasione<\/h4>\n<ul class=\"a-unordered-list a-vertical\">\n<li><span class=\"a-list-item\">Puoi indossarlo per feste, Halloween, Cosplay e qualsiasi occasione, cos\u00ec come per l&#039;uso quotidiano. \u00c8 anche un buon regalo per la signora della moda.<\/span><\/li>\n<\/ul>\n<p>&nbsp;<\/p>\n<\/div>\n<\/td>\n<td class=\"apm-top\">\n<div class=\"apm-fourthcol\">\n<h4 class=\"a-spacing-mini\">SUGGERIMENTI CALDI<\/h4>\n<ul class=\"a-unordered-list a-vertical\">\n<li><span class=\"a-list-item\">I capelli si aggrovigliano a causa della secchezza, dell&#039;accumulo di olio e sporco, dell&#039;acqua salata e della mancata pettinabilit\u00e0 quotidiana dei capelli. Assicurati di lavare e condizionare i capelli almeno 15 giorni.<\/span><\/li>\n<li><span class=\"a-list-item\">Tutte le parrucche hanno perso il minimo spargimento e groviglio, il che \u00e8 normale, si prega di prendersi cura del lavaggio e della manutenzione<\/span><\/li>\n<li><span class=\"a-list-item\">Il modo migliore \u00e8 su un porta parrucca o su un manichino, inoltre puoi riporlo in una retina per capelli e in un sacchetto di plastica. Si prega di notare che le parrucche devono essere collocate in uno spazio fresco e asciutto.<\/span><\/li>\n<\/ul>\n<p>&nbsp;<\/p>\n<\/div>\n<\/td>\n<\/tr>\n<\/tbody>\n<\/table>\n<\/div>\n<\/div>\n<\/div>\n<\/div>\n<div><\/div>\n<\/div>\n<\/div>\n<\/div>\n<div class=\"celwidget aplus-module module-5 aplus-standard\" data-cel-widget=\"aplus-module-5\" data-csa-c-id=\"jkuivb-w4y49e-h2ce0e-vv6hz1\">\n<div class=\"aplus-module-wrapper apm-fixed-width\">\n<div class=\"apm-spacing aplus-module-content\">\n<div class=\"apm-tablemodule\">\n<table class=\"apm-tablemodule-table\" cellspacing=\"0\" cellpadding=\"0\">\n<tbody>\n<tr class=\"apm-tablemodule-imagerows\">\n<th class=\"apm-tablemodule-blankkeyhead\"><\/th>\n<th class=\"apm-tablemodule-image\"><a href=\"https:\/\/www.amazon.com\/dp\/B07VKFT6QF\/ref=emc_b_5_i\"><img decoding=\"async\" src=\"https:\/\/m.media-amazon.com\/images\/S\/aplus-media\/sc\/cb8c5175-7c0f-43b6-8210-ce369b8ebe8f.__CR0,0,150,300_PT0_SX150_V1___.jpg\" alt=\"long straight wig\" width=\"150px\"><\/a><\/th>\n<th class=\"apm-tablemodule-image\"><a href=\"https:\/\/www.amazon.com\/dp\/B08CSPH1ZY\/ref=emc_b_5_i\"><img decoding=\"async\" src=\"https:\/\/m.media-amazon.com\/images\/S\/aplus-media\/sc\/4f0fd372-273a-48a1-8619-2ca7890438ae.__CR0,0,150,300_PT0_SX150_V1___.jpg\" alt=\"Dreadlock Wig\" width=\"150px\"><\/a><\/th>\n<th class=\"apm-tablemodule-image\"><a href=\"https:\/\/www.amazon.com\/dp\/B08G57M5YH\/ref=emc_b_5_i\"><img decoding=\"async\" src=\"https:\/\/m.media-amazon.com\/images\/S\/aplus-media\/sc\/edc641d4-920c-4b86-8dc5-8b23fb5e2b3a.__CR0,0,150,300_PT0_SX150_V1___.jpg\" alt=\"nu faux locs\" width=\"150px\"><\/a><\/th>\n<th class=\"apm-tablemodule-image\"><a href=\"https:\/\/www.amazon.com\/dp\/B08L4111HY\/ref=emc_b_5_i\"><img decoding=\"async\" src=\"https:\/\/m.media-amazon.com\/images\/S\/aplus-media\/sc\/d3d52bb5-2ba5-4132-89e3-03d8d94ef211.__CR0,0,150,300_PT0_SX150_V1___.jpg\" alt=\"straight wig\" width=\"150px\"><\/a><\/th>\n<\/tr>\n<tr class=\"apm-tablemodule-imagerows\">\n<th class=\"apm-tablemodule-blankkeyhead\"><\/th>\n<th><a href=\"https:\/\/www.amazon.com\/dp\/B07VKFT6QF\/ref=emc_b_5_t\">Parrucca rosa lunga e dritta<\/a><\/th>\n<th><a href=\"https:\/\/www.amazon.com\/dp\/B08CSPH1ZY\/ref=emc_b_5_t\">Parrucca Dreadlock corta<\/a><\/th>\n<th><a href=\"https:\/\/www.amazon.com\/dp\/B08G57M5YH\/ref=emc_b_5_t\">Nu Faux Locs<\/a><\/th>\n<th><a href=\"https:\/\/www.amazon.com\/dp\/B08L4111HY\/ref=emc_b_5_t\">Parrucca Dritta<\/a><\/th>\n<\/tr>\n<tr class=\"apm-tablemodule-keyvalue\">\n<th class=\"apm-tablemodule-keyhead\"><span class=\"a-color-secondary\">Sintetico<\/span><\/th>\n<td class=\"apm-tablemodule-valuecell apm-checked\"><span class=\"a-size-base\">?<\/span><\/td>\n<td class=\"apm-tablemodule-valuecell apm-checked\"><span class=\"a-size-base\">?<\/span><\/td>\n<td class=\"apm-tablemodule-valuecell apm-checked\"><span class=\"a-size-base\">?<\/span><\/td>\n<td class=\"apm-tablemodule-valuecell apm-checked\"><span class=\"a-size-base\">?<\/span><\/td>\n<\/tr>\n<tr class=\"apm-tablemodule-keyvalue\">\n<th class=\"apm-tablemodule-keyhead\"><span class=\"a-color-secondary\">Lunghezza<\/span><\/th>\n<td class=\"apm-tablemodule-valuecell\"><span class=\"a-size-base\">26<\/span><\/td>\n<td class=\"apm-tablemodule-valuecell\"><span class=\"a-size-base\">6<\/span><\/td>\n<td class=\"apm-tablemodule-valuecell\"><span class=\"a-size-base\">36<\/span><\/td>\n<td class=\"apm-tablemodule-valuecell\"><span class=\"a-size-base\">24<\/span><\/td>\n<\/tr>\n<tr class=\"apm-tablemodule-keyvalue\">\n<th class=\"apm-tablemodule-keyhead\"><span class=\"a-color-secondary\">Colore<\/span><\/th>\n<td class=\"apm-tablemodule-valuecell\"><span class=\"a-size-base\">Ombre rosa<\/span><\/td>\n<td class=\"apm-tablemodule-valuecell\"><span class=\"a-size-base\">Ombre marrone<\/span><\/td>\n<td class=\"apm-tablemodule-valuecell\"><span class=\"a-size-base\">1B<\/span><\/td>\n<td class=\"apm-tablemodule-valuecell\"><span class=\"a-size-base\">Grigio<\/span><\/td>\n<\/tr>\n<tr class=\"apm-tablemodule-keyvalue\">\n<th class=\"apm-tablemodule-keyhead\"><span class=\"a-color-secondary\">Stile<\/span><\/th>\n<td class=\"apm-tablemodule-valuecell\"><span class=\"a-size-base\">Parrucca<\/span><\/td>\n<td class=\"apm-tablemodule-valuecell\"><span class=\"a-size-base\">Parrucca<\/span><\/td>\n<td class=\"apm-tablemodule-valuecell\"><span class=\"a-size-base\">Capelli all&#039;uncinetto<\/span><\/td>\n<td class=\"apm-tablemodule-valuecell\"><span class=\"a-size-base\">Parrucca Dritta Con Frangetta<\/span><\/td>\n<\/tr>\n<\/tbody>\n<\/table>\n<\/div>\n<\/div>\n<\/div>\n<\/div>\n<h2>Dettagli del prodotto<\/h2>\n<div id=\"detailBullets_feature_div\">\n<ul class=\"a-unordered-list a-nostyle a-vertical a-spacing-none detail-bullet-list\">\n<li><span class=\"a-list-item\"><span class=\"a-text-bold\">Viene interrotto dal produttore? : ?&nbsp;<\/span>No<\/span><\/li>\n<li><span class=\"a-list-item\"><span class=\"a-text-bold\">Dimensioni del prodotto ? : ?&nbsp;<\/span>28 x 5 x 2 pollici; 11,99 once<\/span><\/li>\n<li><span class=\"a-list-item\"><span class=\"a-text-bold\">UPC? : ?&nbsp;<\/span>700828725245<\/span><\/li>\n<li><span class=\"a-list-item\"><span class=\"a-text-bold\">Produttore? : ?&nbsp;<\/span>Aoert<\/span><\/li>\n<li><span class=\"a-list-item\"><span class=\"a-text-bold\">COME IN ? : ?&nbsp;<\/span>B07KN8PPPM<\/span><\/li>\n<li><span class=\"a-list-item\"><span class=\"a-text-bold\">Paese d&#039;origine ? : ?&nbsp;<\/span>Cina<\/span><\/li>\n<li><span class=\"a-list-item\"><span class=\"a-text-bold\">Classifica pi\u00f9 venduti:&nbsp;<\/span>#14.609 in Bellezza e cura della persona<\/span><\/li>\n<\/ul>\n<\/div>\n<\/div><\/h2>","protected":false},"excerpt":{"rendered":"<div id=\"productOverview_feature_div\" class=\"celwidget\" data-feature-name=\"productOverview\" data-csa-c-id=\"ly1o4q-v0buw5-lwlzb-x6kegk\" data-cel-widget=\"productOverview_feature_div\">\n<div class=\"a-section a-spacing-small a-spacing-top-small\">\n<table class=\"a-normal a-spacing-micro\" style=\"height: 232px;\" width=\"766\">\n<tbody>\n<tr class=\"a-spacing-small\">\n<td class=\"a-span3\"><span class=\"a-size-base a-text-bold\">Colore<\/span><\/td>\n<td class=\"a-span9\"><span class=\"a-size-base\">Rosa<\/span><\/td>\n<\/tr>\n<tr class=\"a-spacing-small\">\n<td class=\"a-span3\"><span class=\"a-size-base a-text-bold\">Marca<\/span><\/td>\n<td class=\"a-span9\"><span class=\"a-size-base\">HUA MIAN LI<\/span><\/td>\n<\/tr>\n<tr class=\"a-spacing-small\">\n<td class=\"a-span3\"><span class=\"a-size-base a-text-bold\">Tipo di capelli<\/span><\/td>\n<td class=\"a-span9\"><span class=\"a-size-base\">Normale<\/span><\/td>\n<\/tr>\n<tr class=\"a-spacing-small\">\n<td class=\"a-span3\"><span class=\"a-size-base a-text-bold\">Tema<\/span><\/td>\n<td class=\"a-span9\"><span class=\"a-size-base\">Celebrit\u00e0<\/span><\/td>\n<\/tr>\n<tr class=\"a-spacing-small\">\n<td class=\"a-span3\"><\/td>\n<td class=\"a-span9\"><\/td>\n<\/tr>\n<\/tbody>\n<\/table>\n<\/div>\n<div id=\"featurebullets_feature_div\" class=\"celwidget\" data-feature-name=\"featurebullets\" data-csa-c-id=\"jc59k1-vnf6v3-oqgzs2-7719ph\" data-cel-widget=\"featurebullets_feature_div\">\n<div id=\"feature-bullets\" class=\"a-section a-spacing-medium a-spacing-top-small\">\n<hr>\n<h1 class=\"a-size-base-plus a-text-bold\">A proposito di questo articolo<\/h1>\n<ul class=\"a-unordered-list a-vertical a-spacing-mini\">\n<li><span class=\"a-list-item\">MATERIALE: 100% Fibra morbida resistente al calore Lunghezza: 26 pollici - Peso: 290 g - Colore: 7 colori - Texture: parrucca a onde lunghe e ricci<\/span><\/li>\n<li><span class=\"a-list-item\">LATO LIBERO: il cappuccio a rete regolabile si adatta alla maggior parte delle dimensioni della testa, la rosa traspirante 100% all&#039;interno della rete ti fa sentire a tuo agio quando lo indossi, misura media 21,25 - 22,25 pollici di circonferenza della testa.<\/span><\/li>\n<li><span class=\"a-list-item\">Nota: tutte le parrucche perderanno leggermente, soprattutto quando le indossi per la prima volta, il che \u00e8 normale. I colori possono variare leggermente a seconda delle impostazioni del monitor del personal computer o del cellulare. Facciamo del nostro meglio per rappresentare accuratamente i colori su tutti i nostri prodotti.<\/span><\/li>\n<li><span class=\"a-list-item\">Capelli sintetici resistenti al calore fino a 180 gradi centigradi e l&#039;articolo \u00e8 facile da lavare e da pulire usando solo un po&#039; di shampoo delicato in acqua fredda 30?<\/span><\/li>\n<li><span class=\"a-list-item\">OCCASIONI - La parrucca rosa grigio ondulata lunga e realistica pu\u00f2 aiutarti a creare un look perfetto per l&#039;abbigliamento quotidiano, il lavoro, gli appuntamenti, i concerti, il cosplay, i costumi, le feste a tema, le riprese video o semplicemente per un cambio di look.<\/span><\/li>\n<\/ul>\n<\/div>\n<\/div><\/div>","protected":false},"featured_media":1767,"comment_status":"open","ping_status":"closed","template":"","meta":{"site-sidebar-layout":"default","site-content-layout":"default","ast-main-header-display":"","ast-hfb-above-header-display":"","ast-hfb-below-header-display":"","ast-hfb-mobile-header-display":"","site-post-title":"","ast-breadcrumbs-content":"","ast-featured-img":"","footer-sml-layout":"","theme-transparent-header-meta":"","adv-header-id-meta":"","stick-header-meta":"","header-above-stick-meta":"","header-main-stick-meta":"","header-below-stick-meta":""},"product_cat":[27],"product_tag":[],"_links":{"self":[{"href":"https:\/\/haircut.catarat.com\/it\/wp-json\/wp\/v2\/product\/1764"}],"collection":[{"href":"https:\/\/haircut.catarat.com\/it\/wp-json\/wp\/v2\/product"}],"about":[{"href":"https:\/\/haircut.catarat.com\/it\/wp-json\/wp\/v2\/types\/product"}],"replies":[{"embeddable":true,"href":"https:\/\/haircut.catarat.com\/it\/wp-json\/wp\/v2\/comments?post=1764"}],"wp:featuredmedia":[{"embeddable":true,"href":"https:\/\/haircut.catarat.com\/it\/wp-json\/wp\/v2\/media\/1767"}],"wp:attachment":[{"href":"https:\/\/haircut.catarat.com\/it\/wp-json\/wp\/v2\/media?parent=1764"}],"wp:term":[{"taxonomy":"product_cat","embeddable":true,"href":"https:\/\/haircut.catarat.com\/it\/wp-json\/wp\/v2\/product_cat?post=1764"},{"taxonomy":"product_tag","embeddable":true,"href":"https:\/\/haircut.catarat.com\/it\/wp-json\/wp\/v2\/product_tag?post=1764"}],"curies":[{"name":"wp","href":"https:\/\/api.w.org\/{rel}","templated":true}]}}